{"id":1154,"date":"2019-03-11T16:57:03","date_gmt":"2019-03-11T16:57:03","guid":{"rendered":"https:\/\/belgianshepherdhealthproject.org\/?page_id=1154"},"modified":"2019-03-11T17:23:32","modified_gmt":"2019-03-11T17:23:32","slug":"belgian-shepherd-health-project","status":"publish","type":"page","link":"https:\/\/belgianshepherdhealthproject.org\/de\/belgian-shepherd-health-project\/","title":{"rendered":"Belgian Shepherd Health Project"},"content":{"rendered":"\n<p style=\"text-align:center\"><strong>Leitbild des belgischen Sch\u00e4ferhund-Gesundheitsprojekts<\/strong><\/p>\n\n\n\n<p>Wir sind eine internationale Gemeinschaft von Z\u00fcchtern und Besitzern, die sich f\u00fcr die F\u00f6rderung einer gesunden Zukunft des belgischen Sch\u00e4fers einsetzen. Wir glauben, dass die Erhaltung der genetischen Vielfalt f\u00fcr den Schutz unserer Rasse vor Erbkrankheiten von wesentlicher Bedeutung ist. Zu diesem Zweck f\u00f6rdern wir die Gentests einzelner Hunde und Partnerschaften mit Forschern, die das Genom unserer Rasse untersuchen. Wir glauben auch, dass Z\u00fcchter und Besitzer, nicht Wissenschaftler, letztendlich daf\u00fcr verantwortlich sind, dem belgischen Sch\u00e4ferhund eine gesunde Zukunft zu sichern. Daher ist es ein gro\u00dfer Teil unserer Arbeit, die belgische Sch\u00e4fergemeinschaft dar\u00fcber zu informieren, welche Rolle wir bei der Erhaltung der genetischen Vielfalt spielen und das Risiko von Erbkrankheiten bei unseren Hunden senken k\u00f6nnen.<\/p>\n\n\n\n<div class=\"wp-block-image\"><figure class=\"aligncenter\"><img decoding=\"async\" src=\"https:\/\/belgianshepherdhealthproject.org\/wp-content\/uploads\/2019\/02\/BSD_Health_Project_frontpage-1.jpg\" alt=\"\"\/><\/figure><\/div>\n","protected":false},"excerpt":{"rendered":"<p>Leitbild des belgischen Sch\u00e4ferhund-Gesundheitsprojekts Wir sind eine internationale Gemeinschaft von Z\u00fcchtern und Besitzern, die sich f\u00fcr die F\u00f6rderung einer gesunden Zukunft des belgischen Sch\u00e4fers einsetzen. Wir glauben, dass die Erhaltung der genetischen Vielfalt f\u00fcr den Schutz unserer Rasse vor Erbkrankheiten von wesentlicher Bedeutung ist. Zu diesem Zweck f\u00f6rdern wir die Gentests einzelner Hunde und Partnerschaften [&hellip;]<\/p>\n","protected":false},"author":5,"featured_media":0,"parent":0,"menu_order":0,"comment_status":"closed","ping_status":"closed","template":"","meta":{"footnotes":""},"class_list":["post-1154","page","type-page","status-publish","hentry"],"_links":{"self":[{"href":"https:\/\/belgianshepherdhealthproject.org\/de\/wp-json\/wp\/v2\/pages\/1154","targetHints":{"allow":["GET"]}}],"collection":[{"href":"https:\/\/belgianshepherdhealthproject.org\/de\/wp-json\/wp\/v2\/pages"}],"about":[{"href":"https:\/\/belgianshepherdhealthproject.org\/de\/wp-json\/wp\/v2\/types\/page"}],"author":[{"embeddable":true,"href":"https:\/\/belgianshepherdhealthproject.org\/de\/wp-json\/wp\/v2\/users\/5"}],"replies":[{"embeddable":true,"href":"https:\/\/belgianshepherdhealthproject.org\/de\/wp-json\/wp\/v2\/comments?post=1154"}],"version-history":[{"count":4,"href":"https:\/\/belgianshepherdhealthproject.org\/de\/wp-json\/wp\/v2\/pages\/1154\/revisions"}],"predecessor-version":[{"id":1171,"href":"https:\/\/belgianshepherdhealthproject.org\/de\/wp-json\/wp\/v2\/pages\/1154\/revisions\/1171"}],"wp:attachment":[{"href":"https:\/\/belgianshepherdhealthproject.org\/de\/wp-json\/wp\/v2\/media?parent=1154"}],"curies":[{"name":"wp","href":"https:\/\/api.w.org\/{rel}","templated":true}]}}