{"id":1165,"date":"2019-03-11T17:06:40","date_gmt":"2019-03-11T17:06:40","guid":{"rendered":"https:\/\/belgianshepherdhealthproject.org\/?page_id=1165"},"modified":"2019-03-11T17:22:33","modified_gmt":"2019-03-11T17:22:33","slug":"belgian-shepherd-health-project","status":"publish","type":"page","link":"https:\/\/belgianshepherdhealthproject.org\/es\/belgian-shepherd-health-project\/","title":{"rendered":"Belgian Shepherd Health Project"},"content":{"rendered":"\n<p style=\"text-align:center\"><strong>Declaraci\u00f3n de la Misi\u00f3n del Proyecto de Salud del Pastor Belga<\/strong><\/p>\n\n\n\n<p>Somos una comunidad internacional de criadores y propietarios comprometidos con acciones para apoyar un futuro saludable para el pastor belga. Creemos que la conservaci\u00f3n de la diversidad gen\u00e9tica es esencial para proteger a nuestra raza de enfermedades hereditarias. Con este fin, promovemos las pruebas gen\u00e9ticas de perros individuales y las asociaciones con investigadores que est\u00e1n investigando el genoma de nuestra raza. Tambi\u00e9n creemos que los criadores y propietarios, no los cient\u00edficos, son los responsables en \u00faltima instancia de garantizar un futuro saludable para el pastor belga. Por lo tanto, gran parte de nuestro trabajo est\u00e1 dedicado a informar a la comunidad de Pastores belgas sobre el papel que podemos desempe\u00f1ar en el mantenimiento de la diversidad gen\u00e9tica y la reducci\u00f3n del riesgo de enfermedades hereditarias entre nuestros perros.<\/p>\n\n\n\n<div class=\"wp-block-image\"><figure class=\"aligncenter\"><img decoding=\"async\" src=\"https:\/\/belgianshepherdhealthproject.org\/wp-content\/uploads\/2019\/02\/BSD_Health_Project_frontpage-1.jpg\" alt=\"\"\/><\/figure><\/div>\n","protected":false},"excerpt":{"rendered":"<p>Declaraci\u00f3n de la Misi\u00f3n del Proyecto de Salud del Pastor Belga Somos una comunidad internacional de criadores y propietarios comprometidos con acciones para apoyar un futuro saludable para el pastor belga. Creemos que la conservaci\u00f3n de la diversidad gen\u00e9tica es esencial para proteger a nuestra raza de enfermedades hereditarias. Con este fin, promovemos las pruebas [&hellip;]<\/p>\n","protected":false},"author":5,"featured_media":0,"parent":0,"menu_order":0,"comment_status":"closed","ping_status":"closed","template":"","meta":{"footnotes":""},"class_list":["post-1165","page","type-page","status-publish","hentry"],"_links":{"self":[{"href":"https:\/\/belgianshepherdhealthproject.org\/es\/wp-json\/wp\/v2\/pages\/1165","targetHints":{"allow":["GET"]}}],"collection":[{"href":"https:\/\/belgianshepherdhealthproject.org\/es\/wp-json\/wp\/v2\/pages"}],"about":[{"href":"https:\/\/belgianshepherdhealthproject.org\/es\/wp-json\/wp\/v2\/types\/page"}],"author":[{"embeddable":true,"href":"https:\/\/belgianshepherdhealthproject.org\/es\/wp-json\/wp\/v2\/users\/5"}],"replies":[{"embeddable":true,"href":"https:\/\/belgianshepherdhealthproject.org\/es\/wp-json\/wp\/v2\/comments?post=1165"}],"version-history":[{"count":2,"href":"https:\/\/belgianshepherdhealthproject.org\/es\/wp-json\/wp\/v2\/pages\/1165\/revisions"}],"predecessor-version":[{"id":1169,"href":"https:\/\/belgianshepherdhealthproject.org\/es\/wp-json\/wp\/v2\/pages\/1165\/revisions\/1169"}],"wp:attachment":[{"href":"https:\/\/belgianshepherdhealthproject.org\/es\/wp-json\/wp\/v2\/media?parent=1165"}],"curies":[{"name":"wp","href":"https:\/\/api.w.org\/{rel}","templated":true}]}}