{"id":1151,"date":"2019-03-11T16:06:25","date_gmt":"2019-03-11T16:06:25","guid":{"rendered":"https:\/\/belgianshepherdhealthproject.org\/?page_id=1151"},"modified":"2019-03-11T17:21:31","modified_gmt":"2019-03-11T17:21:31","slug":"belgian-shepherd-health-project","status":"publish","type":"page","link":"https:\/\/belgianshepherdhealthproject.org\/fr\/","title":{"rendered":"Belgian Shepherd Health Project"},"content":{"rendered":"\n<p style=\"text-align:center\"><strong>Projet de sant\u00e9 du berger belge D\u00e9claration de mission<\/strong><\/p>\n\n\n\n<p>Nous sommes une communaut\u00e9 internationale d\u2019\u00e9leveurs et de propri\u00e9taires engag\u00e9s dans des actions en faveur d\u2019un avenir en sant\u00e9 pour le Berger belge. Nous croyons que la conservation de la diversit\u00e9 g\u00e9n\u00e9tique est essentielle pour prot\u00e9ger notre race des maladies h\u00e9r\u00e9ditaires. \u00c0 cette fin, nous encourageons les tests g\u00e9n\u00e9tiques de chiens individuels et des partenariats avec des chercheurs qui \u00e9tudient le g\u00e9nome de notre race. Nous pensons \u00e9galement que ce sont les \u00e9leveurs et les propri\u00e9taires, et non les scientifiques, qui sont responsables de la garantie d&rsquo;un avenir sain pour le Berger belge. Par cons\u00e9quent, une grande partie de notre travail consiste \u00e0 informer la communaut\u00e9 des bergers belges du r\u00f4le que nous pouvons jouer dans le maintien de la diversit\u00e9 g\u00e9n\u00e9tique et dans la r\u00e9duction du risque de maladies h\u00e9r\u00e9ditaires chez nos chiens.<\/p>\n\n\n\n<div class=\"wp-block-image\"><figure class=\"aligncenter\"><img decoding=\"async\" src=\"https:\/\/belgianshepherdhealthproject.org\/wp-content\/uploads\/2019\/02\/BSD_Health_Project_frontpage-1.jpg\" alt=\"\"\/><\/figure><\/div>\n","protected":false},"excerpt":{"rendered":"<p>Projet de sant\u00e9 du berger belge D\u00e9claration de mission Nous sommes une communaut\u00e9 internationale d\u2019\u00e9leveurs et de propri\u00e9taires engag\u00e9s dans des actions en faveur d\u2019un avenir en sant\u00e9 pour le Berger belge. Nous croyons que la conservation de la diversit\u00e9 g\u00e9n\u00e9tique est essentielle pour prot\u00e9ger notre race des maladies h\u00e9r\u00e9ditaires. \u00c0 cette fin, nous encourageons [&hellip;]<\/p>\n","protected":false},"author":5,"featured_media":0,"parent":0,"menu_order":0,"comment_status":"closed","ping_status":"closed","template":"","meta":{"footnotes":""},"class_list":["post-1151","page","type-page","status-publish","hentry"],"_links":{"self":[{"href":"https:\/\/belgianshepherdhealthproject.org\/fr\/wp-json\/wp\/v2\/pages\/1151","targetHints":{"allow":["GET"]}}],"collection":[{"href":"https:\/\/belgianshepherdhealthproject.org\/fr\/wp-json\/wp\/v2\/pages"}],"about":[{"href":"https:\/\/belgianshepherdhealthproject.org\/fr\/wp-json\/wp\/v2\/types\/page"}],"author":[{"embeddable":true,"href":"https:\/\/belgianshepherdhealthproject.org\/fr\/wp-json\/wp\/v2\/users\/5"}],"replies":[{"embeddable":true,"href":"https:\/\/belgianshepherdhealthproject.org\/fr\/wp-json\/wp\/v2\/comments?post=1151"}],"version-history":[{"count":9,"href":"https:\/\/belgianshepherdhealthproject.org\/fr\/wp-json\/wp\/v2\/pages\/1151\/revisions"}],"predecessor-version":[{"id":1168,"href":"https:\/\/belgianshepherdhealthproject.org\/fr\/wp-json\/wp\/v2\/pages\/1151\/revisions\/1168"}],"wp:attachment":[{"href":"https:\/\/belgianshepherdhealthproject.org\/fr\/wp-json\/wp\/v2\/media?parent=1151"}],"curies":[{"name":"wp","href":"https:\/\/api.w.org\/{rel}","templated":true}]}}